{"id":136,"date":"2023-06-28T15:45:54","date_gmt":"2023-06-28T15:45:54","guid":{"rendered":"https:\/\/cementeriosogamoso.com\/?page_id=136"},"modified":"2024-01-25T22:29:58","modified_gmt":"2024-01-25T22:29:58","slug":"inhumacion","status":"publish","type":"page","link":"https:\/\/cementeriosogamoso.com\/index.php\/inhumacion\/","title":{"rendered":"Inhumaci\u00f3n"},"content":{"rendered":"<p>[et_pb_section fb_built=&#8221;1&#8243; _builder_version=&#8221;4.15.1&#8243; _module_preset=&#8221;default&#8221; global_colors_info=&#8221;{}&#8221;][et_pb_row _builder_version=&#8221;4.15.1&#8243; _module_preset=&#8221;default&#8221; global_colors_info=&#8221;{}&#8221;][et_pb_column type=&#8221;4_4&#8243; _builder_version=&#8221;4.15.1&#8243; _module_preset=&#8221;default&#8221; global_colors_info=&#8221;{}&#8221;][et_pb_text _builder_version=&#8221;4.15.1&#8243; _module_preset=&#8221;default&#8221; header_font=&#8221;Teko||||||||&#8221; header_font_size=&#8221;40px&#8221; header_text_shadow_style=&#8221;preset3&#8243; global_colors_info=&#8221;{}&#8221;]<\/p>\n<h1 style=\"text-align: center;\">Inhumaci\u00f3n en b\u00f3veda<\/h1>\n<p>[\/et_pb_text][\/et_pb_column][\/et_pb_row][et_pb_row _builder_version=&#8221;4.15.1&#8243; _module_preset=&#8221;default&#8221; global_colors_info=&#8221;{}&#8221;][et_pb_column type=&#8221;4_4&#8243; _builder_version=&#8221;4.15.1&#8243; _module_preset=&#8221;default&#8221; global_colors_info=&#8221;{}&#8221;][et_pb_text _builder_version=&#8221;4.15.1&#8243; _module_preset=&#8221;default&#8221; text_font=&#8221;Comfortaa||||||||&#8221; header_font=&#8221;Teko||||||||&#8221; global_colors_info=&#8221;{}&#8221;]<\/p>\n<h1>Inhumaci\u00f3n de cad\u00e1veres en b\u00f3vedas o sepulturas seg\u00fan resoluci\u00f3n 5194<\/h1>\n<p>Requisitos para la inhumaci\u00f3n de cad\u00e1veres<br \/>Las inhumaciones de cad\u00e1veres se realizar\u00e1n cumpliendo las siguientes condiciones:<\/p>\n<p>[\/et_pb_text][\/et_pb_column][\/et_pb_row][et_pb_row column_structure=&#8221;1_5,1_5,1_5,1_5,1_5&#8243; _builder_version=&#8221;4.15.1&#8243; _module_preset=&#8221;default&#8221; global_colors_info=&#8221;{}&#8221;][et_pb_column type=&#8221;1_5&#8243; _builder_version=&#8221;4.15.1&#8243; _module_preset=&#8221;default&#8221; global_colors_info=&#8221;{}&#8221;][et_pb_text _builder_version=&#8221;4.15.1&#8243; _module_preset=&#8221;default&#8221; text_font=&#8221;Comfortaa||||||||&#8221; header_font=&#8221;Teko||||||||&#8221; global_colors_info=&#8221;{}&#8221;]<\/p>\n<h1 style=\"text-align: center;\">1<\/h1>\n<p>Toda inhumaci\u00f3n de cad\u00e1veres se efectuar\u00e1 de conformidad con los requisitos exigidos por las autoridades competentes.<\/p>\n<p>[\/et_pb_text][\/et_pb_column][et_pb_column type=&#8221;1_5&#8243; _builder_version=&#8221;4.15.1&#8243; _module_preset=&#8221;default&#8221; global_colors_info=&#8221;{}&#8221;][et_pb_text _builder_version=&#8221;4.15.1&#8243; _module_preset=&#8221;default&#8221; text_font=&#8221;Comfortaa||||||||&#8221; header_font=&#8221;Teko||||||||&#8221; global_colors_info=&#8221;{}&#8221;]<\/p>\n<h1 style=\"text-align: center;\">2<\/h1>\n<p>En las b\u00f3vedas y en las sepulturas sencillas o m\u00faltiples, s\u00f3lo sepermite la inhumaci\u00f3n del n\u00famero de cad\u00e1veres para la que fue dise\u00f1ada.<\/p>\n<p>[\/et_pb_text][\/et_pb_column][et_pb_column type=&#8221;1_5&#8243; _builder_version=&#8221;4.15.1&#8243; _module_preset=&#8221;default&#8221; global_colors_info=&#8221;{}&#8221;][et_pb_text _builder_version=&#8221;4.15.1&#8243; _module_preset=&#8221;default&#8221; text_font=&#8221;Comfortaa||||||||&#8221; header_font=&#8221;Teko||||||||&#8221; global_colors_info=&#8221;{}&#8221;]<\/p>\n<h1 style=\"text-align: center;\">3<\/h1>\n<p>Cerrada la sepultura, se debe proceder a la marcaci\u00f3n provisional y en un t\u00e9rmino m\u00e1ximo de treinta (30) d\u00edas calendario, el administrador proceder\u00e1 a rotularla y a seguir el procedimiento establecido en el reglamento interno de cada cementerio.<\/p>\n<p>[\/et_pb_text][\/et_pb_column][et_pb_column type=&#8221;1_5&#8243; _builder_version=&#8221;4.15.1&#8243; _module_preset=&#8221;default&#8221; global_colors_info=&#8221;{}&#8221;][et_pb_text _builder_version=&#8221;4.15.1&#8243; _module_preset=&#8221;default&#8221; text_font=&#8221;Comfortaa||||||||&#8221; header_font=&#8221;Teko||||||||&#8221; global_colors_info=&#8221;{}&#8221;]<\/p>\n<h1 style=\"text-align: center;\">4<\/h1>\n<p>Los deudos, conservar\u00e1n en buen estado las l\u00e1pidas sujetos alreglamento establecido por la administraci\u00f3n del cementerio.<\/p>\n<p>[\/et_pb_text][\/et_pb_column][et_pb_column type=&#8221;1_5&#8243; _builder_version=&#8221;4.15.1&#8243; _module_preset=&#8221;default&#8221; global_colors_info=&#8221;{}&#8221;][et_pb_text _builder_version=&#8221;4.15.1&#8243; _module_preset=&#8221;default&#8221; text_font=&#8221;Comfortaa||||||||&#8221; header_font=&#8221;Teko||||||||&#8221; global_colors_info=&#8221;{}&#8221;]<\/p>\n<h1 style=\"text-align: center;\">5<\/h1>\n<p>Las l\u00e1pidas de modelos y caracter\u00edsticas diferentes, instaladas en zonas hist\u00f3ricas y en b\u00f3vedas antiguas a perpetuidad, no ser\u00e1n removidas de su lugar y se mantendr\u00e1n como pieza hist\u00f3rica, salvo cuando medie orden judicial o de autoridad competente.<\/p>\n<p>[\/et_pb_text][\/et_pb_column][\/et_pb_row][et_pb_row column_structure=&#8221;1_2,1_2&#8243; _builder_version=&#8221;4.15.1&#8243; _module_preset=&#8221;default&#8221; global_colors_info=&#8221;{}&#8221;][et_pb_column type=&#8221;1_2&#8243; _builder_version=&#8221;4.15.1&#8243; _module_preset=&#8221;default&#8221; global_colors_info=&#8221;{}&#8221;][et_pb_text _builder_version=&#8221;4.15.1&#8243; _module_preset=&#8221;default&#8221; text_font=&#8221;Comfortaa||||||||&#8221; header_font=&#8221;Teko||||||||&#8221; global_colors_info=&#8221;{}&#8221;]<\/p>\n<h1>B\u00f3vedas<\/h1>\n<p>Son un lugar cerrado comprendido por techo, piso y muros, que sirve como destino final para depositar cad\u00e1veres o restos humanos.<\/p>\n<p>[\/et_pb_text][\/et_pb_column][et_pb_column type=&#8221;1_2&#8243; _builder_version=&#8221;4.15.1&#8243; _module_preset=&#8221;default&#8221; global_colors_info=&#8221;{}&#8221;][et_pb_image src=&#8221;data:image\/svg+xml;base64,PHN2ZyB3aWR0aD0iMTA4MCIgaGVpZ2h0PSI1NDAiIHZpZXdCb3g9IjAgMCAxMDgwIDU0MCIgeG1sbnM9Imh0dHA6Ly93d3cudzMub3JnLzIwMDAvc3ZnIj4KICAgIDxnIGZpbGw9Im5vbmUiIGZpbGwtcnVsZT0iZXZlbm9kZCI+CiAgICAgICAgPHBhdGggZmlsbD0iI0VCRUJFQiIgZD0iTTAgMGgxMDgwdjU0MEgweiIvPgogICAgICAgIDxwYXRoIGQ9Ik00NDUuNjQ5IDU0MGgtOTguOTk1TDE0NC42NDkgMzM3Ljk5NSAwIDQ4Mi42NDR2LTk4Ljk5NWwxMTYuMzY1LTExNi4zNjVjMTUuNjItMTUuNjIgNDAuOTQ3LTE1LjYyIDU2LjU2OCAwTDQ0NS42NSA1NDB6IiBmaWxsLW9wYWNpdHk9Ii4xIiBmaWxsPSIjMDAwIiBmaWxsLXJ1bGU9Im5vbnplcm8iLz4KICAgICAgICA8Y2lyY2xlIGZpbGwtb3BhY2l0eT0iLjA1IiBmaWxsPSIjMDAwIiBjeD0iMzMxIiBjeT0iMTQ4IiByPSI3MCIvPgogICAgICAgIDxwYXRoIGQ9Ik0xMDgwIDM3OXYxMTMuMTM3TDcyOC4xNjIgMTQwLjMgMzI4LjQ2MiA1NDBIMjE1LjMyNEw2OTkuODc4IDU1LjQ0NmMxNS42Mi0xNS42MiA0MC45NDgtMTUuNjIgNTYuNTY4IDBMMTA4MCAzNzl6IiBmaWxsLW9wYWNpdHk9Ii4yIiBmaWxsPSIjMDAwIiBmaWxsLXJ1bGU9Im5vbnplcm8iLz4KICAgIDwvZz4KPC9zdmc+Cg==&#8221; _builder_version=&#8221;4.15.1&#8243; _module_preset=&#8221;default&#8221; global_colors_info=&#8221;{}&#8221;][\/et_pb_image][\/et_pb_column][\/et_pb_row][et_pb_row _builder_version=&#8221;4.15.1&#8243; _module_preset=&#8221;default&#8221; column_structure=&#8221;1_3,1_3,1_3&#8243;][et_pb_column _builder_version=&#8221;4.15.1&#8243; _module_preset=&#8221;default&#8221; type=&#8221;1_3&#8243;][et_pb_button button_text=&#8221;Asignaci\u00f3n de las b\u00f3vedas&#8221; _builder_version=&#8221;4.15.1&#8243; _module_preset=&#8221;default&#8221; hover_enabled=&#8221;0&#8243; sticky_enabled=&#8221;0&#8243; button_url=&#8221;https:\/\/cementeriosogamoso.com\/index.php\/inhumacion\/asignacion-de-bovedas\/&#8221; button_alignment=&#8221;center&#8221;][\/et_pb_button][\/et_pb_column][et_pb_column _builder_version=&#8221;4.15.1&#8243; _module_preset=&#8221;default&#8221; type=&#8221;1_3&#8243;][et_pb_button button_text=&#8221;Ocupaci\u00f3n de las b\u00f3vedas&#8221; _builder_version=&#8221;4.15.1&#8243; _module_preset=&#8221;default&#8221; hover_enabled=&#8221;0&#8243; sticky_enabled=&#8221;0&#8243; button_url=&#8221;https:\/\/cementeriosogamoso.com\/index.php\/inhumacion\/ocupacion-de-bovedas\/&#8221; button_alignment=&#8221;center&#8221;][\/et_pb_button][\/et_pb_column][et_pb_column _builder_version=&#8221;4.15.1&#8243; _module_preset=&#8221;default&#8221; type=&#8221;1_3&#8243;][et_pb_button button_text=&#8221;Galer\u00edas de las b\u00f3vedas&#8221; _builder_version=&#8221;4.15.1&#8243; _module_preset=&#8221;default&#8221; hover_enabled=&#8221;0&#8243; sticky_enabled=&#8221;0&#8243; button_url=&#8221;https:\/\/cementeriosogamoso.com\/index.php\/inhumacion\/galerias-de-las-bovedas\/&#8221; button_alignment=&#8221;center&#8221;][\/et_pb_button][\/et_pb_column][\/et_pb_row][\/et_pb_section]<\/p>\n","protected":false},"excerpt":{"rendered":"<p>Inhumaci\u00f3n en b\u00f3vedaInhumaci\u00f3n de cad\u00e1veres en b\u00f3vedas o sepulturas seg\u00fan resoluci\u00f3n 5194 Requisitos para la inhumaci\u00f3n de cad\u00e1veresLas inhumaciones de cad\u00e1veres se realizar\u00e1n cumpliendo las siguientes condiciones:1 Toda inhumaci\u00f3n de cad\u00e1veres se efectuar\u00e1 de conformidad con los requisitos exigidos por las autoridades competentes.2 En las b\u00f3vedas y en las sepulturas sencillas o m\u00faltiples, s\u00f3lo sepermite [&hellip;]<\/p>\n","protected":false},"author":1,"featured_media":0,"parent":0,"menu_order":0,"comment_status":"closed","ping_status":"closed","template":"","meta":{"_et_pb_use_builder":"on","_et_pb_old_content":"","_et_gb_content_width":"","_monsterinsights_skip_tracking":false,"_monsterinsights_sitenote_active":false,"_monsterinsights_sitenote_note":"","_monsterinsights_sitenote_category":0,"footnotes":""},"class_list":["post-136","page","type-page","status-publish","hentry"],"aioseo_notices":[],"_links":{"self":[{"href":"https:\/\/cementeriosogamoso.com\/index.php\/wp-json\/wp\/v2\/pages\/136","targetHints":{"allow":["GET"]}}],"collection":[{"href":"https:\/\/cementeriosogamoso.com\/index.php\/wp-json\/wp\/v2\/pages"}],"about":[{"href":"https:\/\/cementeriosogamoso.com\/index.php\/wp-json\/wp\/v2\/types\/page"}],"author":[{"embeddable":true,"href":"https:\/\/cementeriosogamoso.com\/index.php\/wp-json\/wp\/v2\/users\/1"}],"replies":[{"embeddable":true,"href":"https:\/\/cementeriosogamoso.com\/index.php\/wp-json\/wp\/v2\/comments?post=136"}],"version-history":[{"count":9,"href":"https:\/\/cementeriosogamoso.com\/index.php\/wp-json\/wp\/v2\/pages\/136\/revisions"}],"predecessor-version":[{"id":283,"href":"https:\/\/cementeriosogamoso.com\/index.php\/wp-json\/wp\/v2\/pages\/136\/revisions\/283"}],"wp:attachment":[{"href":"https:\/\/cementeriosogamoso.com\/index.php\/wp-json\/wp\/v2\/media?parent=136"}],"curies":[{"name":"wp","href":"https:\/\/api.w.org\/{rel}","templated":true}]}}