{"id":192,"date":"2023-10-24T17:04:23","date_gmt":"2023-10-24T17:04:23","guid":{"rendered":"https:\/\/cementeriosogamoso.com\/?page_id=192"},"modified":"2023-10-24T22:22:23","modified_gmt":"2023-10-24T22:22:23","slug":"inhumacion-sepultura-jardines","status":"publish","type":"page","link":"https:\/\/cementeriosogamoso.com\/index.php\/inhumacion-sepultura-jardines\/","title":{"rendered":"Inhumaci\u00f3n en sepultura"},"content":{"rendered":"<p>[et_pb_section fb_built=&#8221;1&#8243; _builder_version=&#8221;4.15.1&#8243; _module_preset=&#8221;default&#8221; global_colors_info=&#8221;{}&#8221;][et_pb_row _builder_version=&#8221;4.15.1&#8243; _module_preset=&#8221;default&#8221; global_colors_info=&#8221;{}&#8221;][et_pb_column type=&#8221;4_4&#8243; _builder_version=&#8221;4.15.1&#8243; _module_preset=&#8221;default&#8221; global_colors_info=&#8221;{}&#8221;][et_pb_text _builder_version=&#8221;4.15.1&#8243; _module_preset=&#8221;default&#8221; header_font=&#8221;Teko||||||||&#8221; header_font_size=&#8221;40px&#8221; hover_enabled=&#8221;0&#8243; header_text_shadow_style=&#8221;preset3&#8243; global_colors_info=&#8221;{}&#8221; sticky_enabled=&#8221;0&#8243;]<\/p>\n<h1 style=\"text-align: center;\">Cementerio Jardines de la Esperanza<\/h1>\n<p>[\/et_pb_text][\/et_pb_column][\/et_pb_row][et_pb_row column_structure=&#8221;1_2,1_2&#8243; _builder_version=&#8221;4.15.1&#8243; _module_preset=&#8221;default&#8221; hover_enabled=&#8221;0&#8243; global_colors_info=&#8221;{}&#8221; sticky_enabled=&#8221;0&#8243;][et_pb_column type=&#8221;1_2&#8243; _builder_version=&#8221;4.15.1&#8243; _module_preset=&#8221;default&#8221; global_colors_info=&#8221;{}&#8221;][et_pb_text _builder_version=&#8221;4.15.1&#8243; _module_preset=&#8221;default&#8221; text_font=&#8221;Comfortaa||||||||&#8221; header_font=&#8221;Teko||||||||&#8221; hover_enabled=&#8221;0&#8243; global_colors_info=&#8221;{}&#8221; sticky_enabled=&#8221;0&#8243;]<\/p>\n<h1>Servicio de inhumaci\u00f3n en sepultura<\/h1>\n<p>Cada lote es un espacio de tierra, en donde se inhumar\u00e1n uno o dos cuerpos, la asignaci\u00f3n se hace por siete (7) a\u00f1os en el Sector Eugenias con l\u00e1pida estandarizada.<\/p>\n<p>[\/et_pb_text][\/et_pb_column][et_pb_column type=&#8221;1_2&#8243; _builder_version=&#8221;4.15.1&#8243; _module_preset=&#8221;default&#8221; global_colors_info=&#8221;{}&#8221;][\/et_pb_column][\/et_pb_row][et_pb_row _builder_version=&#8221;4.15.1&#8243; _module_preset=&#8221;default&#8221; global_colors_info=&#8221;{}&#8221;][et_pb_column type=&#8221;4_4&#8243; _builder_version=&#8221;4.15.1&#8243; _module_preset=&#8221;default&#8221; global_colors_info=&#8221;{}&#8221;][et_pb_text _builder_version=&#8221;4.15.1&#8243; _module_preset=&#8221;default&#8221; header_font=&#8221;Teko||||||||&#8221; header_font_size=&#8221;40px&#8221; hover_enabled=&#8221;0&#8243; header_text_shadow_style=&#8221;preset3&#8243; global_colors_info=&#8221;{}&#8221; sticky_enabled=&#8221;0&#8243;]<\/p>\n<h1 style=\"text-align: center;\">Asignaci\u00f3n de sepulturas de 7 a\u00f1os para adultos y 5 a\u00f1os para ni\u00f1os<\/h1>\n<p>[\/et_pb_text][\/et_pb_column][\/et_pb_row][et_pb_row _builder_version=&#8221;4.15.1&#8243; _module_preset=&#8221;default&#8221; hover_enabled=&#8221;0&#8243; global_colors_info=&#8221;{}&#8221; sticky_enabled=&#8221;0&#8243;][et_pb_column type=&#8221;4_4&#8243; _builder_version=&#8221;4.15.1&#8243; _module_preset=&#8221;default&#8221; global_colors_info=&#8221;{}&#8221;][et_pb_text _builder_version=&#8221;4.15.1&#8243; _module_preset=&#8221;default&#8221; text_font=&#8221;Comfortaa||||||||&#8221; header_font=&#8221;Teko||||||||&#8221; header_2_font=&#8221;Comfortaa|700|||||||&#8221; hover_enabled=&#8221;0&#8243; global_colors_info=&#8221;{}&#8221; sticky_enabled=&#8221;0&#8243;]<\/p>\n<p>Los requisitos para la asignaci\u00f3n de una sepultura por 7 a\u00f1os adultos y 5 a\u00f1os ni\u00f1os son:<br \/>1. El servicio deber\u00e1 ser solicitado como m\u00ednimo con 12 horas de anticipaci\u00f3n a las exequias. Esto con el fin de dar tiempo a los trabajadores del cementerio de hacer los preparativos necesarios.<br \/>2. Los deudos recibir\u00e1n la informaci\u00f3n necesaria en la oficina de administraci\u00f3n, a fin de que conozcan en detalle las condiciones de ocupaci\u00f3n o asignaci\u00f3n del sepultura. Cabe se\u00f1alar que el servicio debe adecuarse a las dimensiones y medidas de sepultura disponibles en el cementerio.<br \/>3. No est\u00e1 permitido dentro del cementerio retirar partes del cofre, para lograr la inhumaci\u00f3n en una sepultura, osario, cenizario, que no permita su ingreso con facilidad.<br \/>4. La sepultura ser\u00e1 destinada, exclusivamente para albergar un cad\u00e1ver, salvo excepciones consagradas en la ley.<br \/>5.\u00a0 Una vez decidido por parte de la familia del fallecido qu\u00e9 tipo de servicio tomar\u00e1n, se procede a escoger la ubicaci\u00f3n de acuerdo con el orden establecido por el cementerio.<br \/>6.\u00a0 Entregar en la oficina de administraci\u00f3n del cementerio los siguientes documentos:<\/p>\n<ul>\n<li>Certificado de defunci\u00f3n<\/li>\n<li>Licencia de inhumaci\u00f3n expedida a nivel municipal por alguna de las siguientes entidades: Alcald\u00eda, Secretar\u00eda de Gobierno, Secretar\u00eda deSalud o Inspecci\u00f3n de Polic\u00eda<\/li>\n<li>Fotocopia de las c\u00e9dulas de los familiares de primer o segundo grado de consanguinidad responsables de firmar el acuerdo se asignaci\u00f3n y comprobante de consignaci\u00f3n del servicio.<\/li>\n<\/ul>\n<p>7.\u00a0 Firmar el acuerdo de instrucciones y condiciones reglamentarias para dicha asignaci\u00f3n.<br \/>8. Con relaci\u00f3n a las l\u00e1pidas, estas deben estar acorde con las especificaciones del cementerio, y no podr\u00e1n tener arreglos adicionales que da\u00f1en la est\u00e9tica del lugar. En caso de incumplimiento, la administraci\u00f3n del cementerio proceder\u00e1 a retirar, dichos objetos, adornos u otros que reposen sobre las tumbas.<\/p>\n<p>[\/et_pb_text][\/et_pb_column][\/et_pb_row][et_pb_row _builder_version=&#8221;4.15.1&#8243; _module_preset=&#8221;default&#8221; global_colors_info=&#8221;{}&#8221;][et_pb_column type=&#8221;4_4&#8243; _builder_version=&#8221;4.15.1&#8243; _module_preset=&#8221;default&#8221; global_colors_info=&#8221;{}&#8221;][et_pb_text _builder_version=&#8221;4.15.1&#8243; _module_preset=&#8221;default&#8221; header_font=&#8221;Teko||||||||&#8221; header_font_size=&#8221;40px&#8221; hover_enabled=&#8221;0&#8243; header_text_shadow_style=&#8221;preset3&#8243; global_colors_info=&#8221;{}&#8221; sticky_enabled=&#8221;0&#8243;]<\/p>\n<h1 style=\"text-align: center;\">Inhumaci\u00f3n en sepultura asignados en a\u00f1os anteriores al 2021<\/h1>\n<p>[\/et_pb_text][\/et_pb_column][\/et_pb_row][et_pb_row _builder_version=&#8221;4.15.1&#8243; _module_preset=&#8221;default&#8221; hover_enabled=&#8221;0&#8243; global_colors_info=&#8221;{}&#8221; sticky_enabled=&#8221;0&#8243;][et_pb_column type=&#8221;4_4&#8243; _builder_version=&#8221;4.15.1&#8243; _module_preset=&#8221;default&#8221; global_colors_info=&#8221;{}&#8221;][et_pb_text _builder_version=&#8221;4.15.1&#8243; _module_preset=&#8221;default&#8221; text_font=&#8221;Comfortaa||||||||&#8221; header_font=&#8221;Teko||||||||&#8221; header_2_font=&#8221;Comfortaa|700|||||||&#8221; hover_enabled=&#8221;0&#8243; global_colors_info=&#8221;{}&#8221; sticky_enabled=&#8221;0&#8243;]<\/p>\n<p>Para la inhumaci\u00f3n de un cad\u00e1ver en la sepultura asignada en a\u00f1os anteriores al 2021 se debe presentar:<\/p>\n<ul>\n<li>La solicitud del servicio debe realizarla el titular o sus familiares directos.<\/li>\n<li>T\u00edtulo que acredita la propiedad.<\/li>\n<li>La cuota de administraci\u00f3n al a\u00f1o vigente.<\/li>\n<li>La sepultura debe de estar con su respectivo alistamiento, de lo contrario deben cancelar el alistamiento con la debida anterioridad de 8 d\u00edas antes del servicio.<\/li>\n<\/ul>\n<p>[\/et_pb_text][\/et_pb_column][\/et_pb_row][\/et_pb_section]<\/p>\n","protected":false},"excerpt":{"rendered":"<p>Cementerio Jardines de la EsperanzaServicio de inhumaci\u00f3n en sepultura Cada lote es un espacio de tierra, en donde se inhumar\u00e1n uno o dos cuerpos, la asignaci\u00f3n se hace por siete (7) a\u00f1os en el Sector Eugenias con l\u00e1pida estandarizada.Asignaci\u00f3n de sepulturas de 7 a\u00f1os para adultos y 5 a\u00f1os para ni\u00f1osLos requisitos para la asignaci\u00f3n [&hellip;]<\/p>\n","protected":false},"author":1,"featured_media":0,"parent":0,"menu_order":0,"comment_status":"closed","ping_status":"closed","template":"","meta":{"_et_pb_use_builder":"on","_et_pb_old_content":"","_et_gb_content_width":"","_monsterinsights_skip_tracking":false,"_monsterinsights_sitenote_active":false,"_monsterinsights_sitenote_note":"","_monsterinsights_sitenote_category":0,"footnotes":""},"class_list":["post-192","page","type-page","status-publish","hentry"],"aioseo_notices":[],"_links":{"self":[{"href":"https:\/\/cementeriosogamoso.com\/index.php\/wp-json\/wp\/v2\/pages\/192","targetHints":{"allow":["GET"]}}],"collection":[{"href":"https:\/\/cementeriosogamoso.com\/index.php\/wp-json\/wp\/v2\/pages"}],"about":[{"href":"https:\/\/cementeriosogamoso.com\/index.php\/wp-json\/wp\/v2\/types\/page"}],"author":[{"embeddable":true,"href":"https:\/\/cementeriosogamoso.com\/index.php\/wp-json\/wp\/v2\/users\/1"}],"replies":[{"embeddable":true,"href":"https:\/\/cementeriosogamoso.com\/index.php\/wp-json\/wp\/v2\/comments?post=192"}],"version-history":[{"count":4,"href":"https:\/\/cementeriosogamoso.com\/index.php\/wp-json\/wp\/v2\/pages\/192\/revisions"}],"predecessor-version":[{"id":217,"href":"https:\/\/cementeriosogamoso.com\/index.php\/wp-json\/wp\/v2\/pages\/192\/revisions\/217"}],"wp:attachment":[{"href":"https:\/\/cementeriosogamoso.com\/index.php\/wp-json\/wp\/v2\/media?parent=192"}],"curies":[{"name":"wp","href":"https:\/\/api.w.org\/{rel}","templated":true}]}}