{"id":256,"date":"2024-01-25T21:57:59","date_gmt":"2024-01-25T21:57:59","guid":{"rendered":"https:\/\/cementeriosogamoso.com\/?page_id=256"},"modified":"2024-01-25T22:29:25","modified_gmt":"2024-01-25T22:29:25","slug":"asignacion-de-bovedas","status":"publish","type":"page","link":"https:\/\/cementeriosogamoso.com\/index.php\/inhumacion\/asignacion-de-bovedas\/","title":{"rendered":"Asignaci\u00f3n de b\u00f3vedas"},"content":{"rendered":"<p>[et_pb_section fb_built=&#8221;1&#8243; _builder_version=&#8221;4.15.1&#8243; _module_preset=&#8221;default&#8221; global_colors_info=&#8221;{}&#8221;][et_pb_row _builder_version=&#8221;4.15.1&#8243; _module_preset=&#8221;default&#8221; global_colors_info=&#8221;{}&#8221;][et_pb_column type=&#8221;4_4&#8243; _builder_version=&#8221;4.15.1&#8243; _module_preset=&#8221;default&#8221; global_colors_info=&#8221;{}&#8221;][et_pb_text _builder_version=&#8221;4.15.1&#8243; _module_preset=&#8221;default&#8221; header_font=&#8221;Teko||||||||&#8221; header_font_size=&#8221;40px&#8221; header_text_shadow_style=&#8221;preset3&#8243; global_colors_info=&#8221;{}&#8221;]<\/p>\n<h1 style=\"text-align: center;\">Asignaci\u00f3n de b\u00f3vedas<\/h1>\n<p>[\/et_pb_text][\/et_pb_column][\/et_pb_row][et_pb_row _builder_version=&#8221;4.15.1&#8243; _module_preset=&#8221;default&#8221; min_height=&#8221;703.5px&#8221; global_colors_info=&#8221;{}&#8221; custom_padding=&#8221;||0px|||&#8221;][et_pb_column type=&#8221;4_4&#8243; _builder_version=&#8221;4.15.1&#8243; _module_preset=&#8221;default&#8221; global_colors_info=&#8221;{}&#8221;][et_pb_text _builder_version=&#8221;4.15.1&#8243; _module_preset=&#8221;default&#8221; text_font=&#8221;Comfortaa||||||||&#8221; header_font=&#8221;Teko||||||||&#8221; hover_enabled=&#8221;0&#8243; global_colors_info=&#8221;{}&#8221; sticky_enabled=&#8221;0&#8243;]<\/p>\n<p>Las b\u00f3vedas se asignan para ser ocupadas por periodos que son determinados por la reglamentaci\u00f3n interna del cementerio, pero que no pueden ser inferiores a lo dispuesto en el Art\u00edculo 20 de la Resoluci\u00f3n 5194 de 2.010, del Ministerio de la Protecci\u00f3n Social.<\/p>\n<p>Para la asignaci\u00f3n de la b\u00f3veda a ocupar, los interesados deben proceder de la siguiente manera:<\/p>\n<p>1. Los interesados, junto con la funeraria, deben coordinar la elecci\u00f3n de la b\u00f3veda, de acuerdo con la disponibilidad del cementerio, a fin de evitar cambios de \u00faltimo momento, esto se har\u00e1, de acuerdo al tipo de servicio determinado entre la funeraria y los familiares del difunto, con el prop\u00f3sito de llevar la informaci\u00f3n precisa, a la administraci\u00f3n del cementerio.<br \/>Para la firma del acuerdo del servicio solicitado, se hace indispensable la presencia de un familiar.<br \/>2. Entregar a la Administraci\u00f3n del cementerio los siguientes documentos:<br \/>a. \u201cCertificado de defunci\u00f3n.<br \/>b. Licencia de inhumaci\u00f3n (\u201cLey 66 de 1.916: El administrador del cementerio no permitir\u00e1 la inhumaci\u00f3n de cad\u00e1veres sin esta licencia que deber\u00e1 conservarse cuidadosamente en el archivo de la administraci\u00f3n del cementerio\u201d) expedida a nivel municipal por alguna de las siguientes entidades: Alcald\u00eda, Secretar\u00eda de Gobierno, Secretar\u00eda de Salud o Inspecci\u00f3n de Polic\u00eda.\u201d (Art. 17, Resoluci\u00f3n 5194de 2.010, Min. de la Protecci\u00f3n Social).<br \/>NOTA: La b\u00f3veda ser\u00e1 destinada, exclusivamente para albergar un cad\u00e1ver, salvo excepciones consagradas en la ley.<br \/>3. Cancelar el valor total de los servicios, seg\u00fan la lista de precios vigente. El cementerio expedir\u00e1 una factura (que cumple todos los requisitos de ley) donde especifica: fecha, nombre, n\u00famero de documento, y direcci\u00f3n y tel\u00e9fono de la persona o entidad responsable; nombre del pabell\u00f3n y n\u00famero de la b\u00f3veda a ocupar; nombre de la persona fallecida y tiempo por el cual se asigna la b\u00f3veda, y valor del servicio acordado y forma de pago.<br \/>4. Firmar el acuerdo de instrucciones y condiciones de asignaci\u00f3n de la b\u00f3veda, del cual el cementerio le entregar\u00e1 por una sola vez, en original firmado y sellado.<br \/>5. Informar a la Administraci\u00f3n del cementerio con un m\u00ednimo de 12 horas de antelaci\u00f3n, la fecha, hora y lugar de las exequias.<br \/>6. Saber que el ata\u00fad no podr\u00e1 exceder las dimensiones m\u00e1ximas establecidas por el cementerio. No est\u00e1 permitido dentro del cementerio, retirar partes del cofre para logar la inhumaci\u00f3n en una b\u00f3veda, osario, cenizaro que no permita su ingreso con facilidad.<br \/>7. La administraci\u00f3n colocar\u00e1 la l\u00e1pida en un t\u00e9rmino m\u00e1ximo de 30 d\u00edas a partir de la fecha de inhumaci\u00f3n, para aquellos servicios que fueron incluidas.<br \/>8. Las l\u00e1pidas deber\u00e1n cumplir con los dise\u00f1os establecidos por el cementerio, seg\u00fan lo establecido por la administraci\u00f3n.<\/p>\n<p>[\/et_pb_text][\/et_pb_column][\/et_pb_row][et_pb_row _builder_version=&#8221;4.15.1&#8243; _module_preset=&#8221;default&#8221; column_structure=&#8221;1_3,1_3,1_3&#8243;][et_pb_column _builder_version=&#8221;4.15.1&#8243; _module_preset=&#8221;default&#8221; type=&#8221;1_3&#8243;][et_pb_button button_text=&#8221;Inhumaci\u00f3n en b\u00f3veda&#8221; _builder_version=&#8221;4.15.1&#8243; _module_preset=&#8221;default&#8221; hover_enabled=&#8221;0&#8243; sticky_enabled=&#8221;0&#8243; button_alignment=&#8221;center&#8221; button_url=&#8221;https:\/\/cementeriosogamoso.com\/index.php\/inhumacion\/&#8221;][\/et_pb_button][\/et_pb_column][et_pb_column _builder_version=&#8221;4.15.1&#8243; _module_preset=&#8221;default&#8221; type=&#8221;1_3&#8243;][et_pb_button button_text=&#8221;Ocupaci\u00f3n de b\u00f3vedas&#8221; _builder_version=&#8221;4.15.1&#8243; _module_preset=&#8221;default&#8221; hover_enabled=&#8221;0&#8243; sticky_enabled=&#8221;0&#8243; button_alignment=&#8221;center&#8221; button_url=&#8221;https:\/\/cementeriosogamoso.com\/index.php\/inhumacion\/ocupacion-de-bovedas\/&#8221;][\/et_pb_button][\/et_pb_column][et_pb_column _builder_version=&#8221;4.15.1&#8243; _module_preset=&#8221;default&#8221; type=&#8221;1_3&#8243;][et_pb_button button_text=&#8221;Galer\u00edas de las b\u00f3vedas&#8221; _builder_version=&#8221;4.15.1&#8243; _module_preset=&#8221;default&#8221; hover_enabled=&#8221;0&#8243; sticky_enabled=&#8221;0&#8243; button_alignment=&#8221;center&#8221; button_url=&#8221;https:\/\/cementeriosogamoso.com\/index.php\/inhumacion\/galerias-de-las-bovedas\/&#8221;][\/et_pb_button][\/et_pb_column][\/et_pb_row][\/et_pb_section]<\/p>\n","protected":false},"excerpt":{"rendered":"<p>Asignaci\u00f3n de b\u00f3vedasLas b\u00f3vedas se asignan para ser ocupadas por periodos que son determinados por la reglamentaci\u00f3n interna del cementerio, pero que no pueden ser inferiores a lo dispuesto en el Art\u00edculo 20 de la Resoluci\u00f3n 5194 de 2.010, del Ministerio de la Protecci\u00f3n Social. Para la asignaci\u00f3n de la b\u00f3veda a ocupar, los interesados [&hellip;]<\/p>\n","protected":false},"author":1,"featured_media":0,"parent":136,"menu_order":0,"comment_status":"closed","ping_status":"closed","template":"","meta":{"_et_pb_use_builder":"on","_et_pb_old_content":"","_et_gb_content_width":"","_monsterinsights_skip_tracking":false,"_monsterinsights_sitenote_active":false,"_monsterinsights_sitenote_note":"","_monsterinsights_sitenote_category":0,"footnotes":""},"class_list":["post-256","page","type-page","status-publish","hentry"],"aioseo_notices":[],"_links":{"self":[{"href":"https:\/\/cementeriosogamoso.com\/index.php\/wp-json\/wp\/v2\/pages\/256","targetHints":{"allow":["GET"]}}],"collection":[{"href":"https:\/\/cementeriosogamoso.com\/index.php\/wp-json\/wp\/v2\/pages"}],"about":[{"href":"https:\/\/cementeriosogamoso.com\/index.php\/wp-json\/wp\/v2\/types\/page"}],"author":[{"embeddable":true,"href":"https:\/\/cementeriosogamoso.com\/index.php\/wp-json\/wp\/v2\/users\/1"}],"replies":[{"embeddable":true,"href":"https:\/\/cementeriosogamoso.com\/index.php\/wp-json\/wp\/v2\/comments?post=256"}],"version-history":[{"count":7,"href":"https:\/\/cementeriosogamoso.com\/index.php\/wp-json\/wp\/v2\/pages\/256\/revisions"}],"predecessor-version":[{"id":282,"href":"https:\/\/cementeriosogamoso.com\/index.php\/wp-json\/wp\/v2\/pages\/256\/revisions\/282"}],"up":[{"embeddable":true,"href":"https:\/\/cementeriosogamoso.com\/index.php\/wp-json\/wp\/v2\/pages\/136"}],"wp:attachment":[{"href":"https:\/\/cementeriosogamoso.com\/index.php\/wp-json\/wp\/v2\/media?parent=256"}],"curies":[{"name":"wp","href":"https:\/\/api.w.org\/{rel}","templated":true}]}}