{"id":285,"date":"2024-01-25T22:49:34","date_gmt":"2024-01-25T22:49:34","guid":{"rendered":"https:\/\/cementeriosogamoso.com\/?page_id=285"},"modified":"2024-01-25T23:09:34","modified_gmt":"2024-01-25T23:09:34","slug":"cremacion-de-cuerpos","status":"publish","type":"page","link":"https:\/\/cementeriosogamoso.com\/index.php\/cremacion-jardines-de-la-esperanza\/cremacion-de-cuerpos\/","title":{"rendered":"Cremaci\u00f3n de cuerpos"},"content":{"rendered":"<p>[et_pb_section fb_built=&#8221;1&#8243; _builder_version=&#8221;4.15.1&#8243; _module_preset=&#8221;default&#8221; global_colors_info=&#8221;{}&#8221;][et_pb_row _builder_version=&#8221;4.15.1&#8243; _module_preset=&#8221;default&#8221; global_colors_info=&#8221;{}&#8221;][et_pb_column type=&#8221;4_4&#8243; _builder_version=&#8221;4.15.1&#8243; _module_preset=&#8221;default&#8221; global_colors_info=&#8221;{}&#8221;][et_pb_text _builder_version=&#8221;4.15.1&#8243; _module_preset=&#8221;default&#8221; header_font=&#8221;Teko||||||||&#8221; header_font_size=&#8221;40px&#8221; header_text_shadow_style=&#8221;preset3&#8243; global_colors_info=&#8221;{}&#8221;]<\/p>\n<h1 style=\"text-align: center;\">Cremaci\u00f3n de cuerpos<\/h1>\n<p>[\/et_pb_text][\/et_pb_column][\/et_pb_row][et_pb_row _builder_version=&#8221;4.15.1&#8243; _module_preset=&#8221;default&#8221; global_colors_info=&#8221;{}&#8221;][et_pb_column type=&#8221;4_4&#8243; _builder_version=&#8221;4.15.1&#8243; _module_preset=&#8221;default&#8221; global_colors_info=&#8221;{}&#8221;][et_pb_text _builder_version=&#8221;4.15.1&#8243; _module_preset=&#8221;default&#8221; text_font=&#8221;Comfortaa||||||||&#8221; header_font=&#8221;Teko||||||||&#8221; header_2_font=&#8221;Comfortaa|700|||||||&#8221; global_colors_info=&#8221;{}&#8221;]<\/p>\n<p>Para la cremaci\u00f3n de cad\u00e1veres se debe cumplir con los siguientes requisitos<\/p>\n<ol>\n<li>Presentar copia del certificado m\u00e9dico de defunci\u00f3n en el cual conste que la persona muri\u00f3 por causas naturales.<\/li>\n<li>Presentar la licencia de cremaci\u00f3n, expedida a nivel municipal por alguna de las siguientes entidades: Alcald\u00eda, Secretar\u00eda de Gobierno, Secretar\u00eda de Salud o Inspecci\u00f3n de Polic\u00eda.<\/li>\n<li>En caso de muerte violenta o accidental se deber\u00e1, adem\u00e1s, anexar la autorizaci\u00f3n escrita de la autoridad competente.<\/li>\n<li>Para la cremaci\u00f3n de cuerpos deber\u00e1 presentarse un familiar hasta el tercer grado de consanguinidad o primero de afinidad, que firme autorizando la cremaci\u00f3n.<\/li>\n<li>Cuando se tratare de cad\u00e1veres de personas que carecen de deudos, si se pretende su incineraci\u00f3n, la autorizaci\u00f3n a presentar ser\u00e1 la que expida el Instituto de Medicina Legal y la respectiva fiscal\u00eda.<\/li>\n<li>Cuando se haya comprobado de forma fehaciente que la muerte ha sido causada por enfermedad infectocontagiosa de grave peligro para la salud p\u00fablica, la autoridad competente podr\u00e1 ordenar la cremaci\u00f3n del cad\u00e1ver.<\/li>\n<li>Para realizar la cremaci\u00f3n de cad\u00e1veres o restos humanos, se requiere la utilizaci\u00f3n de un contenedor quedebe cumplir con las siguientes caracter\u00edsticas:<br \/>a. Los contenedores de cremaci\u00f3n deben ser de material de f\u00e1cil combusti\u00f3n y no pueden estar lacados, pintados, ni barnizados.<br \/>b. No podr\u00e1n utilizar materiales met\u00e1licos en su fabricaci\u00f3n. Los contenedores se cremar\u00e1n junto con el cad\u00e1ver\u201d.(Art. 30 Resoluci\u00f3n 5194 de 2.010, Min. de la Protecci\u00f3n Social).<br \/>c. El contenedor exclusivamente albergara un cad\u00e1ver, salvo excepciones consagradas en la ley.<\/li>\n<li>Si el cuerpo a cremar tiene un marcapaso, la funeraria que preste el servicio est\u00e1 obligada a retirarlo antes de ingresar el cuerpo al horno crematorio.<\/li>\n<li>La administraci\u00f3n del horno no es responsable por la identidad de las personas cremadas, ya que se presume de buena fe que los documentos presentados son aut\u00e9nticos.<\/li>\n<li>La administraci\u00f3n del horno, a los 3 d\u00edas h\u00e1biles luego del servicio entregar\u00e1 las cenizas a la persona autorizada, en la urna o jarr\u00f3n que la familia haya prove\u00eddo para tal fin. \u00a8las urnas para cenizas deben permanecer cerradas y tener una identificaci\u00f3n con los siguientes datos:<br \/>1. Nombre del fallecido.<br \/>2. Fecha de nacimiento.<br \/>3. Fecha de muerte.<br \/>4. Fecha y hora de cremaci\u00f3n.<br \/>5. N\u00famero del certificado de defunci\u00f3n\u00a8 (Art.32 Resoluci\u00f3n 5194 de 2.010, Min. de la Protecci\u00f3n Social).<\/li>\n<li>No se permitir\u00e1 el ingreso al horno crematorio, de ninguna persona, salvo personal debidamente autorizado por la administraci\u00f3n del cementerio, durante la cremaci\u00f3n, ni se permitir\u00e1 la toma de fotograf\u00edas y videos dentro del lugar.<\/li>\n<li>Las funerarias tendr\u00e1n un tiempo m\u00e1ximo de dos d\u00edas para reclamar el ata\u00fad.<\/li>\n<\/ol>\n<p>[\/et_pb_text][\/et_pb_column][\/et_pb_row][et_pb_row _builder_version=&#8221;4.15.1&#8243; _module_preset=&#8221;default&#8221; column_structure=&#8221;1_2,1_2&#8243;][et_pb_column _builder_version=&#8221;4.15.1&#8243; _module_preset=&#8221;default&#8221; type=&#8221;1_2&#8243;][et_pb_button button_text=&#8221;Cremaci\u00f3n&#8221; _builder_version=&#8221;4.15.1&#8243; _module_preset=&#8221;default&#8221; button_url=&#8221;https:\/\/cementeriosogamoso.com\/index.php\/cremacion-jardines-de-la-esperanza\/&#8221; button_alignment=&#8221;center&#8221; hover_enabled=&#8221;0&#8243; sticky_enabled=&#8221;0&#8243;][\/et_pb_button][\/et_pb_column][et_pb_column _builder_version=&#8221;4.15.1&#8243; _module_preset=&#8221;default&#8221; type=&#8221;1_2&#8243;][et_pb_button button_text=&#8221;Cremaci\u00f3n de restos&#8221; _builder_version=&#8221;4.15.1&#8243; _module_preset=&#8221;default&#8221; button_url=&#8221;https:\/\/cementeriosogamoso.com\/index.php\/cremacion-jardines-de-la-esperanza\/cremacion-de-restos\/&#8221; hover_enabled=&#8221;0&#8243; sticky_enabled=&#8221;0&#8243; button_alignment=&#8221;center&#8221;][\/et_pb_button][\/et_pb_column][\/et_pb_row][\/et_pb_section]<\/p>\n","protected":false},"excerpt":{"rendered":"<p>Cremaci\u00f3n de cuerposPara la cremaci\u00f3n de cad\u00e1veres se debe cumplir con los siguientes requisitos Presentar copia del certificado m\u00e9dico de defunci\u00f3n en el cual conste que la persona muri\u00f3 por causas naturales. Presentar la licencia de cremaci\u00f3n, expedida a nivel municipal por alguna de las siguientes entidades: Alcald\u00eda, Secretar\u00eda de Gobierno, Secretar\u00eda de Salud o [&hellip;]<\/p>\n","protected":false},"author":1,"featured_media":0,"parent":202,"menu_order":0,"comment_status":"closed","ping_status":"closed","template":"","meta":{"_et_pb_use_builder":"on","_et_pb_old_content":"","_et_gb_content_width":"","_monsterinsights_skip_tracking":false,"_monsterinsights_sitenote_active":false,"_monsterinsights_sitenote_note":"","_monsterinsights_sitenote_category":0,"footnotes":""},"class_list":["post-285","page","type-page","status-publish","hentry"],"aioseo_notices":[],"_links":{"self":[{"href":"https:\/\/cementeriosogamoso.com\/index.php\/wp-json\/wp\/v2\/pages\/285","targetHints":{"allow":["GET"]}}],"collection":[{"href":"https:\/\/cementeriosogamoso.com\/index.php\/wp-json\/wp\/v2\/pages"}],"about":[{"href":"https:\/\/cementeriosogamoso.com\/index.php\/wp-json\/wp\/v2\/types\/page"}],"author":[{"embeddable":true,"href":"https:\/\/cementeriosogamoso.com\/index.php\/wp-json\/wp\/v2\/users\/1"}],"replies":[{"embeddable":true,"href":"https:\/\/cementeriosogamoso.com\/index.php\/wp-json\/wp\/v2\/comments?post=285"}],"version-history":[{"count":3,"href":"https:\/\/cementeriosogamoso.com\/index.php\/wp-json\/wp\/v2\/pages\/285\/revisions"}],"predecessor-version":[{"id":309,"href":"https:\/\/cementeriosogamoso.com\/index.php\/wp-json\/wp\/v2\/pages\/285\/revisions\/309"}],"up":[{"embeddable":true,"href":"https:\/\/cementeriosogamoso.com\/index.php\/wp-json\/wp\/v2\/pages\/202"}],"wp:attachment":[{"href":"https:\/\/cementeriosogamoso.com\/index.php\/wp-json\/wp\/v2\/media?parent=285"}],"curies":[{"name":"wp","href":"https:\/\/api.w.org\/{rel}","templated":true}]}}