{"id":286,"date":"2024-01-25T22:50:23","date_gmt":"2024-01-25T22:50:23","guid":{"rendered":"https:\/\/cementeriosogamoso.com\/?page_id=286"},"modified":"2024-01-25T23:10:12","modified_gmt":"2024-01-25T23:10:12","slug":"cremacion-de-restos","status":"publish","type":"page","link":"https:\/\/cementeriosogamoso.com\/index.php\/cremacion-jardines-de-la-esperanza\/cremacion-de-restos\/","title":{"rendered":"Cremaci\u00f3n de restos"},"content":{"rendered":"<p>[et_pb_section fb_built=&#8221;1&#8243; _builder_version=&#8221;4.15.1&#8243; _module_preset=&#8221;default&#8221; global_colors_info=&#8221;{}&#8221;][et_pb_row _builder_version=&#8221;4.15.1&#8243; _module_preset=&#8221;default&#8221; global_colors_info=&#8221;{}&#8221;][et_pb_column type=&#8221;4_4&#8243; _builder_version=&#8221;4.15.1&#8243; _module_preset=&#8221;default&#8221; global_colors_info=&#8221;{}&#8221;][et_pb_text _builder_version=&#8221;4.15.1&#8243; _module_preset=&#8221;default&#8221; header_font=&#8221;Teko||||||||&#8221; header_font_size=&#8221;40px&#8221; header_text_shadow_style=&#8221;preset3&#8243; global_colors_info=&#8221;{}&#8221;]<\/p>\n<h1 style=\"text-align: center;\">Cremaci\u00f3n de restos<\/h1>\n<p>[\/et_pb_text][\/et_pb_column][\/et_pb_row][et_pb_row _builder_version=&#8221;4.15.1&#8243; _module_preset=&#8221;default&#8221; global_colors_info=&#8221;{}&#8221;][et_pb_column type=&#8221;4_4&#8243; _builder_version=&#8221;4.15.1&#8243; _module_preset=&#8221;default&#8221; global_colors_info=&#8221;{}&#8221;][et_pb_text _builder_version=&#8221;4.15.1&#8243; _module_preset=&#8221;default&#8221; text_font=&#8221;Comfortaa||||||||&#8221; header_font=&#8221;Teko||||||||&#8221; header_2_font=&#8221;Comfortaa|700|||||||&#8221; global_colors_info=&#8221;{}&#8221;]<\/p>\n<p>Pasos que se siguen en la solicitud y prestaci\u00f3n de este servicio:<\/p>\n<ol>\n<li>El solicitante o responsable presentar\u00e1 el certificado de defunci\u00f3n, en el que debe constar que la persona muri\u00f3 por causas naturales.<\/li>\n<li>El responsable presentar\u00e1 un documento expedido por el cementerio de donde procedan los restos, en el cual conste la exhumaci\u00f3n.<\/li>\n<li>La administraci\u00f3n del cementerio solicitar\u00e1 la firma de un familiar del fallecido que autorice la cremaci\u00f3n. Cuando los restos a cremar correspondan a personas no reclamadas, el administrador del cementerio que solicite la cremaci\u00f3n ser\u00e1 quien firme como responsable.<\/li>\n<li>El solicitante cancelar\u00e1 el valor de los servicios estipulados en la lista de precios.<\/li>\n<li>Las cenizas resultantes se entregar\u00e1n dentro de un recipiente (bolsa, jarr\u00f3n o urna suministrada por el familiar o la funeraria) con la debida identificaci\u00f3n del proceso de cremaci\u00f3n: nombre del fallecido, fecha de fallecimiento y fecha de cremaci\u00f3n.<\/li>\n<li>Las cenizas se entregar\u00e1n al responsable en el tiempo acordado, previa firma de la certificaci\u00f3n expedida por la administraci\u00f3n del cementerio.<\/li>\n<li>La disposici\u00f3n final de las cenizas es decisi\u00f3n de la familia.<\/li>\n<\/ol>\n<p>[\/et_pb_text][\/et_pb_column][\/et_pb_row][et_pb_row _builder_version=&#8221;4.15.1&#8243; _module_preset=&#8221;default&#8221; column_structure=&#8221;1_2,1_2&#8243;][et_pb_column _builder_version=&#8221;4.15.1&#8243; _module_preset=&#8221;default&#8221; type=&#8221;1_2&#8243;][et_pb_button button_text=&#8221;Cremaci\u00f3n&#8221; _builder_version=&#8221;4.15.1&#8243; _module_preset=&#8221;default&#8221; button_url=&#8221;https:\/\/cementeriosogamoso.com\/index.php\/cremacion-jardines-de-la-esperanza\/&#8221; button_alignment=&#8221;center&#8221; hover_enabled=&#8221;0&#8243; sticky_enabled=&#8221;0&#8243;][\/et_pb_button][\/et_pb_column][et_pb_column _builder_version=&#8221;4.15.1&#8243; _module_preset=&#8221;default&#8221; type=&#8221;1_2&#8243;][et_pb_button button_text=&#8221;Cremaci\u00f3n de cuerpos&#8221; _builder_version=&#8221;4.15.1&#8243; _module_preset=&#8221;default&#8221; button_url=&#8221;https:\/\/cementeriosogamoso.com\/index.php\/cremacion-jardines-de-la-esperanza\/cremacion-de-cuerpos\/&#8221; hover_enabled=&#8221;0&#8243; sticky_enabled=&#8221;0&#8243; button_alignment=&#8221;center&#8221;][\/et_pb_button][\/et_pb_column][\/et_pb_row][\/et_pb_section]<\/p>\n","protected":false},"excerpt":{"rendered":"<p>Cremaci\u00f3n de restosPasos que se siguen en la solicitud y prestaci\u00f3n de este servicio: El solicitante o responsable presentar\u00e1 el certificado de defunci\u00f3n, en el que debe constar que la persona muri\u00f3 por causas naturales. El responsable presentar\u00e1 un documento expedido por el cementerio de donde procedan los restos, en el cual conste la exhumaci\u00f3n. [&hellip;]<\/p>\n","protected":false},"author":1,"featured_media":0,"parent":202,"menu_order":0,"comment_status":"closed","ping_status":"closed","template":"","meta":{"_et_pb_use_builder":"on","_et_pb_old_content":"","_et_gb_content_width":"","_monsterinsights_skip_tracking":false,"_monsterinsights_sitenote_active":false,"_monsterinsights_sitenote_note":"","_monsterinsights_sitenote_category":0,"footnotes":""},"class_list":["post-286","page","type-page","status-publish","hentry"],"aioseo_notices":[],"_links":{"self":[{"href":"https:\/\/cementeriosogamoso.com\/index.php\/wp-json\/wp\/v2\/pages\/286","targetHints":{"allow":["GET"]}}],"collection":[{"href":"https:\/\/cementeriosogamoso.com\/index.php\/wp-json\/wp\/v2\/pages"}],"about":[{"href":"https:\/\/cementeriosogamoso.com\/index.php\/wp-json\/wp\/v2\/types\/page"}],"author":[{"embeddable":true,"href":"https:\/\/cementeriosogamoso.com\/index.php\/wp-json\/wp\/v2\/users\/1"}],"replies":[{"embeddable":true,"href":"https:\/\/cementeriosogamoso.com\/index.php\/wp-json\/wp\/v2\/comments?post=286"}],"version-history":[{"count":4,"href":"https:\/\/cementeriosogamoso.com\/index.php\/wp-json\/wp\/v2\/pages\/286\/revisions"}],"predecessor-version":[{"id":311,"href":"https:\/\/cementeriosogamoso.com\/index.php\/wp-json\/wp\/v2\/pages\/286\/revisions\/311"}],"up":[{"embeddable":true,"href":"https:\/\/cementeriosogamoso.com\/index.php\/wp-json\/wp\/v2\/pages\/202"}],"wp:attachment":[{"href":"https:\/\/cementeriosogamoso.com\/index.php\/wp-json\/wp\/v2\/media?parent=286"}],"curies":[{"name":"wp","href":"https:\/\/api.w.org\/{rel}","templated":true}]}}